{"id":395,"date":"2024-07-31T10:19:57","date_gmt":"2024-07-31T08:19:57","guid":{"rendered":"https:\/\/brestsolutions.fr\/?page_id=395"},"modified":"2024-08-21T10:42:12","modified_gmt":"2024-08-21T08:42:12","slug":"au-menu-les-tarifs","status":"publish","type":"page","link":"https:\/\/brestsolutions.fr\/index.php\/au-menu-les-tarifs\/","title":{"rendered":"Tarifs"},"content":{"rendered":"\n<div class=\"wp-block-columns is-layout-flex wp-container-core-columns-is-layout-28f84493 wp-block-columns-is-layout-flex\">\n<div class=\"wp-block-column is-layout-flow wp-block-column-is-layout-flow\" style=\"flex-basis:100%\">\n<head>\n    <meta charset=\"UTF-8\">\n    <meta name=\"viewport\" content=\"width=device-width, initial-scale=1.0\">\n    <title>Tarifs de Plomberie<\/title>\n    <style>\n        body {\n            font-family: Arial, sans-serif;\n            background-color: #f4f4f4;\n            margin: 0;\n            padding: 0;\n        }\n        .container {\n            width: 80%;\n            margin: 20px auto;\n            padding: 20px;\n            background: #fff;\n            box-shadow: 0 0 10px rgba(0, 0, 0, 0.1);\n            border-radius: 8px;\n        }\n        h1 {\n            text-align: center;\n            color: #333;\n        }\n        table {\n            width: 100%;\n            border-collapse: collapse;\n            margin-top: 20px;\n        }\n        table, th, td {\n            border: 1px solid #ddd;\n        }\n        th, td {\n            padding: 12px;\n            text-align: left;\n        }\n        th {\n            background-color: #f8f8f8;\n        }\n        tr:nth-child(even) {\n            background-color: #f2f2f2;\n        }\n        .section-title {\n            margin-top: 40px;\n            font-size: 1.2em;\n            color: #333;\n            border-bottom: 2px solid #ddd;\n            padding-bottom: 5px;\n        }\n    <\/style>\n<\/head>\n<body>\n    <div class=\"container\">        \n        <div class=\"section-title\">INSTALLER \/ CHANGER<\/div>\n        <table>\n            <tr>\n                <th>Service<\/th>\n                <th>Prix<\/th>\n            <\/tr>\n            <tr>\n                <td>Pose de douche<\/td>\n                <td>300\u20ac<\/td>\n            <\/tr>\n            <tr>\n                <td>Installation d&rsquo;\u00e9vier<\/td>\n                <td>200\u20ac<\/td>\n            <\/tr>\n            <tr>\n                <td>Installation de lavabo<\/td>\n                <td>200\u20ac<\/td>\n            <\/tr>\n            <tr>\n                <td>Installer une conduite d&rsquo;eau<\/td>\n                <td>65 \u00e0 120 \u20ac \/ heure<\/td>\n            <\/tr>\n            <tr>\n                <td>Installer une baignoire \/ douche \u00e0 l&rsquo;italienne<\/td>\n                <td>500 \u20ac &#8211; 1000 \u20ac<\/td>\n            <\/tr>\n            <tr>\n                <td>Remplacer un robinet \/ mitigeur<\/td>\n                <td>65 \u20ac &#8211; 150 \u20ac<\/td>\n            <\/tr>\n            <tr>\n                <td>Installation de toilette<\/td>\n                <td>250 \u20ac &#8211; 400 \u20ac<\/td>\n            <\/tr>\n            <tr>\n                <td>Installation toilette suspendue<\/td>\n                <td>500\u20ac<\/td>\n            <\/tr>\n            <tr>\n                <td>Poser un chauffe-eau<\/td>\n                <td>350\u20ac<\/td>\n            <\/tr>\n            <tr>\n                <td>Installer un chauffage \u00e0 eau chaude<\/td>\n                <td>350 \u20ac &#8211; 700 \u20ac<\/td>\n            <\/tr>\n            <tr>\n                <td>Raccorder au tout-\u00e0-l&rsquo;\u00e9gout<\/td>\n                <td>200 \u00e0 400 \u20ac \/ m\u00e8tre lin\u00e9aire<\/td>\n            <\/tr>\n            <tr>\n                <td>Pr\u00e9-installation de plomberie pour raccorder un appareil<\/td>\n                <td>100\u20ac<\/td>\n            <\/tr>\n            <tr>\n                <td>R\u00e9aliser une installation compl\u00e8te plomberie<\/td>\n                <td>2000 \u20ac &#8211; 4000 \u20ac<\/td>\n            <\/tr>\n            <tr>\n                <td>Installer un adoucisseur d&rsquo;eau<\/td>\n                <td>1000 \u20ac &#8211; 1500 \u20ac<\/td>\n            <\/tr>\n            <tr>\n                <td>Installer un filtre osmoseur<\/td>\n                <td>500\u20ac<\/td>\n            <\/tr>\n            <tr>\n                <td>Changer les canalisations d&rsquo;une salle de bain<\/td>\n                <td>700 \u20ac &#8211; 900 \u20ac<\/td>\n            <\/tr>\n        <\/table>\n\n        <div class=\"section-title\">DEPANNER \/ DEBOUCHER<\/div>\n        <table>\n            <tr>\n                <th>Service<\/th>\n                <th>Prix<\/th>\n            <\/tr>\n            <tr>\n                <td>D\u00e9tection de fuites de plomberie<\/td>\n                <td>100 \u20ac &#8211; 300 \u20ac<\/td>\n            <\/tr>\n            <tr>\n                <td>R\u00e9parer un chauffe-eau<\/td>\n                <td>100 \u20ac &#8211; 300 \u20ac<\/td>\n            <\/tr>\n            <tr>\n                <td>D\u00e9boucher la baignoire<\/td>\n                <td>90 \u20ac &#8211; 250 \u20ac<\/td>\n            <\/tr>\n            <tr>\n                <td>D\u00e9boucher les WC<\/td>\n                <td>65 \u20ac &#8211; 150 \u20ac<\/td>\n            <\/tr>\n            <tr>\n                <td>D\u00e9boucher un \u00e9vier avec une machine \u00e0 air<\/td>\n                <td>90\u20ac<\/td>\n            <\/tr>\n            <tr>\n                <td>D\u00e9tartrage des canalisations + ajuster pression d&rsquo;eau<\/td>\n                <td>165\u20ac<\/td>\n            <\/tr>\n            <tr>\n                <td>R\u00e9paration de robinetterie<\/td>\n                <td>65 \u20ac &#8211; 150 \u20ac<\/td>\n            <\/tr>\n            <tr>\n                <td>R\u00e9paration toilette<\/td>\n                <td>65 \u20ac &#8211; 150 \u20ac<\/td>\n            <\/tr>\n        <\/table>\n    <\/div>\n<\/body>\n<\/div>\n<\/div>\n","protected":false},"excerpt":{"rendered":"<p>Tarifs de Plomberie INSTALLER \/ CHANGER Service Prix Pose de douche 300\u20ac Installation d&rsquo;\u00e9vier 200\u20ac Installation de lavabo 200\u20ac Installer [&hellip;]<\/p>\n","protected":false},"author":1,"featured_media":0,"parent":0,"menu_order":0,"comment_status":"closed","ping_status":"closed","template":"","meta":{"site-sidebar-layout":"default","site-content-layout":"","ast-site-content-layout":"","site-content-style":"default","site-sidebar-style":"default","ast-global-header-display":"","ast-banner-title-visibility":"","ast-main-header-display":"","ast-hfb-above-header-display":"","ast-hfb-below-header-display":"","ast-hfb-mobile-header-display":"","site-post-title":"","ast-breadcrumbs-content":"","ast-featured-img":"","footer-sml-layout":"","theme-transparent-header-meta":"","adv-header-id-meta":"","stick-header-meta":"","header-above-stick-meta":"","header-main-stick-meta":"","header-below-stick-meta":"","astra-migrate-meta-layouts":"default","ast-page-background-enabled":"default","ast-page-background-meta":{"desktop":{"background-color":"var(--ast-global-color-4)","background-image":"","background-repeat":"repeat","background-position":"center center","background-size":"auto","background-attachment":"scroll","background-type":"","background-media":"","overlay-type":"","overlay-color":"","overlay-opacity":"","overlay-gradient":""},"tablet":{"background-color":"","background-image":"","background-repeat":"repeat","background-position":"center center","background-size":"auto","background-attachment":"scroll","background-type":"","background-media":"","overlay-type":"","overlay-color":"","overlay-opacity":"","overlay-gradient":""},"mobile":{"background-color":"","background-image":"","background-repeat":"repeat","background-position":"center center","background-size":"auto","background-attachment":"scroll","background-type":"","background-media":"","overlay-type":"","overlay-color":"","overlay-opacity":"","overlay-gradient":""}},"ast-content-background-meta":{"desktop":{"background-color":"var(--ast-global-color-5)","background-image":"","background-repeat":"repeat","background-position":"center center","background-size":"auto","background-attachment":"scroll","background-type":"","background-media":"","overlay-type":"","overlay-color":"","overlay-opacity":"","overlay-gradient":""},"tablet":{"background-color":"var(--ast-global-color-5)","background-image":"","background-repeat":"repeat","background-position":"center center","background-size":"auto","background-attachment":"scroll","background-type":"","background-media":"","overlay-type":"","overlay-color":"","overlay-opacity":"","overlay-gradient":""},"mobile":{"background-color":"var(--ast-global-color-5)","background-image":"","background-repeat":"repeat","background-position":"center center","background-size":"auto","background-attachment":"scroll","background-type":"","background-media":"","overlay-type":"","overlay-color":"","overlay-opacity":"","overlay-gradient":""}},"footnotes":""},"class_list":["post-395","page","type-page","status-publish","hentry"],"yoast_head":"<!-- This site is optimized with the Yoast SEO plugin v27.3 - https:\/\/yoast.com\/product\/yoast-seo-wordpress\/ -->\n<title>Tarifs - Votre solution professionnelle pour tous vos besoins de plomberie \/ \u00e9lectricit\u00e9<\/title>\n<meta name=\"robots\" content=\"index, follow, max-snippet:-1, max-image-preview:large, max-video-preview:-1\" \/>\n<link rel=\"canonical\" href=\"https:\/\/brestsolutions.fr\/index.php\/au-menu-les-tarifs\/\" \/>\n<meta property=\"og:locale\" content=\"fr_FR\" \/>\n<meta property=\"og:type\" content=\"article\" \/>\n<meta property=\"og:title\" content=\"Tarifs - Votre solution professionnelle pour tous vos besoins de plomberie \/ \u00e9lectricit\u00e9\" \/>\n<meta property=\"og:description\" content=\"Tarifs de Plomberie INSTALLER \/ CHANGER Service Prix Pose de douche 300\u20ac Installation d&rsquo;\u00e9vier 200\u20ac Installation de lavabo 200\u20ac Installer [&hellip;]\" \/>\n<meta property=\"og:url\" content=\"https:\/\/brestsolutions.fr\/index.php\/au-menu-les-tarifs\/\" \/>\n<meta property=\"og:site_name\" content=\"Votre solution professionnelle pour tous vos besoins de plomberie \/ \u00e9lectricit\u00e9\" \/>\n<meta property=\"article:modified_time\" content=\"2024-08-21T08:42:12+00:00\" \/>\n<meta property=\"og:image\" content=\"https:\/\/brestsolutions.fr\/wp-content\/uploads\/2024\/07\/lgberth_Illustrate_a_ultra_realistic_scene_in_a_clean_bathroom._25dab57d-74af-4524-8be5-cc25c59c142d.png\" \/>\n\t<meta property=\"og:image:width\" content=\"1984\" \/>\n\t<meta property=\"og:image:height\" content=\"608\" \/>\n\t<meta property=\"og:image:type\" content=\"image\/png\" \/>\n<meta name=\"twitter:card\" content=\"summary_large_image\" \/>\n<meta name=\"twitter:label1\" content=\"Dur\u00e9e de lecture estim\u00e9e\" \/>\n\t<meta name=\"twitter:data1\" content=\"1 minute\" \/>\n<script type=\"application\/ld+json\" class=\"yoast-schema-graph\">{\"@context\":\"https:\\\/\\\/schema.org\",\"@graph\":[{\"@type\":\"WebPage\",\"@id\":\"https:\\\/\\\/brestsolutions.fr\\\/index.php\\\/au-menu-les-tarifs\\\/\",\"url\":\"https:\\\/\\\/brestsolutions.fr\\\/index.php\\\/au-menu-les-tarifs\\\/\",\"name\":\"Tarifs - Votre solution professionnelle pour tous vos besoins de plomberie \\\/ \u00e9lectricit\u00e9\",\"isPartOf\":{\"@id\":\"https:\\\/\\\/brestsolutions.fr\\\/#website\"},\"datePublished\":\"2024-07-31T08:19:57+00:00\",\"dateModified\":\"2024-08-21T08:42:12+00:00\",\"breadcrumb\":{\"@id\":\"https:\\\/\\\/brestsolutions.fr\\\/index.php\\\/au-menu-les-tarifs\\\/#breadcrumb\"},\"inLanguage\":\"fr-FR\",\"potentialAction\":[{\"@type\":\"ReadAction\",\"target\":[\"https:\\\/\\\/brestsolutions.fr\\\/index.php\\\/au-menu-les-tarifs\\\/\"]}]},{\"@type\":\"BreadcrumbList\",\"@id\":\"https:\\\/\\\/brestsolutions.fr\\\/index.php\\\/au-menu-les-tarifs\\\/#breadcrumb\",\"itemListElement\":[{\"@type\":\"ListItem\",\"position\":1,\"name\":\"Accueil\",\"item\":\"https:\\\/\\\/brestsolutions.fr\\\/\"},{\"@type\":\"ListItem\",\"position\":2,\"name\":\"Tarifs\"}]},{\"@type\":\"WebSite\",\"@id\":\"https:\\\/\\\/brestsolutions.fr\\\/#website\",\"url\":\"https:\\\/\\\/brestsolutions.fr\\\/\",\"name\":\"Plombier Brest Finist\u00e8re\",\"description\":\"Plombier pas cher nord finistere\",\"publisher\":{\"@id\":\"https:\\\/\\\/brestsolutions.fr\\\/#organization\"},\"alternateName\":\"Plombier\",\"potentialAction\":[{\"@type\":\"SearchAction\",\"target\":{\"@type\":\"EntryPoint\",\"urlTemplate\":\"https:\\\/\\\/brestsolutions.fr\\\/?s={search_term_string}\"},\"query-input\":{\"@type\":\"PropertyValueSpecification\",\"valueRequired\":true,\"valueName\":\"search_term_string\"}}],\"inLanguage\":\"fr-FR\"},{\"@type\":\"Organization\",\"@id\":\"https:\\\/\\\/brestsolutions.fr\\\/#organization\",\"name\":\"Plombier Brest Finist\u00e8re\",\"url\":\"https:\\\/\\\/brestsolutions.fr\\\/\",\"logo\":{\"@type\":\"ImageObject\",\"inLanguage\":\"fr-FR\",\"@id\":\"https:\\\/\\\/brestsolutions.fr\\\/#\\\/schema\\\/logo\\\/image\\\/\",\"url\":\"https:\\\/\\\/brestsolutions.fr\\\/wp-content\\\/uploads\\\/2024\\\/07\\\/cropped-logo1507V3-1.png\",\"contentUrl\":\"https:\\\/\\\/brestsolutions.fr\\\/wp-content\\\/uploads\\\/2024\\\/07\\\/cropped-logo1507V3-1.png\",\"width\":1502,\"height\":1483,\"caption\":\"Plombier Brest Finist\u00e8re\"},\"image\":{\"@id\":\"https:\\\/\\\/brestsolutions.fr\\\/#\\\/schema\\\/logo\\\/image\\\/\"},\"sameAs\":[\"https:\\\/\\\/www.youtube.com\\\/channel\\\/UChNM4A83aFv_jnoAqHsE8aA\"]}]}<\/script>\n<!-- \/ Yoast SEO plugin. -->","yoast_head_json":{"title":"Tarifs - Votre solution professionnelle pour tous vos besoins de plomberie \/ \u00e9lectricit\u00e9","robots":{"index":"index","follow":"follow","max-snippet":"max-snippet:-1","max-image-preview":"max-image-preview:large","max-video-preview":"max-video-preview:-1"},"canonical":"https:\/\/brestsolutions.fr\/index.php\/au-menu-les-tarifs\/","og_locale":"fr_FR","og_type":"article","og_title":"Tarifs - Votre solution professionnelle pour tous vos besoins de plomberie \/ \u00e9lectricit\u00e9","og_description":"Tarifs de Plomberie INSTALLER \/ CHANGER Service Prix Pose de douche 300\u20ac Installation d&rsquo;\u00e9vier 200\u20ac Installation de lavabo 200\u20ac Installer [&hellip;]","og_url":"https:\/\/brestsolutions.fr\/index.php\/au-menu-les-tarifs\/","og_site_name":"Votre solution professionnelle pour tous vos besoins de plomberie \/ \u00e9lectricit\u00e9","article_modified_time":"2024-08-21T08:42:12+00:00","og_image":[{"width":1984,"height":608,"url":"https:\/\/brestsolutions.fr\/wp-content\/uploads\/2024\/07\/lgberth_Illustrate_a_ultra_realistic_scene_in_a_clean_bathroom._25dab57d-74af-4524-8be5-cc25c59c142d.png","type":"image\/png"}],"twitter_card":"summary_large_image","twitter_misc":{"Dur\u00e9e de lecture estim\u00e9e":"1 minute"},"schema":{"@context":"https:\/\/schema.org","@graph":[{"@type":"WebPage","@id":"https:\/\/brestsolutions.fr\/index.php\/au-menu-les-tarifs\/","url":"https:\/\/brestsolutions.fr\/index.php\/au-menu-les-tarifs\/","name":"Tarifs - Votre solution professionnelle pour tous vos besoins de plomberie \/ \u00e9lectricit\u00e9","isPartOf":{"@id":"https:\/\/brestsolutions.fr\/#website"},"datePublished":"2024-07-31T08:19:57+00:00","dateModified":"2024-08-21T08:42:12+00:00","breadcrumb":{"@id":"https:\/\/brestsolutions.fr\/index.php\/au-menu-les-tarifs\/#breadcrumb"},"inLanguage":"fr-FR","potentialAction":[{"@type":"ReadAction","target":["https:\/\/brestsolutions.fr\/index.php\/au-menu-les-tarifs\/"]}]},{"@type":"BreadcrumbList","@id":"https:\/\/brestsolutions.fr\/index.php\/au-menu-les-tarifs\/#breadcrumb","itemListElement":[{"@type":"ListItem","position":1,"name":"Accueil","item":"https:\/\/brestsolutions.fr\/"},{"@type":"ListItem","position":2,"name":"Tarifs"}]},{"@type":"WebSite","@id":"https:\/\/brestsolutions.fr\/#website","url":"https:\/\/brestsolutions.fr\/","name":"Plombier Brest Finist\u00e8re","description":"Plombier pas cher nord finistere","publisher":{"@id":"https:\/\/brestsolutions.fr\/#organization"},"alternateName":"Plombier","potentialAction":[{"@type":"SearchAction","target":{"@type":"EntryPoint","urlTemplate":"https:\/\/brestsolutions.fr\/?s={search_term_string}"},"query-input":{"@type":"PropertyValueSpecification","valueRequired":true,"valueName":"search_term_string"}}],"inLanguage":"fr-FR"},{"@type":"Organization","@id":"https:\/\/brestsolutions.fr\/#organization","name":"Plombier Brest Finist\u00e8re","url":"https:\/\/brestsolutions.fr\/","logo":{"@type":"ImageObject","inLanguage":"fr-FR","@id":"https:\/\/brestsolutions.fr\/#\/schema\/logo\/image\/","url":"https:\/\/brestsolutions.fr\/wp-content\/uploads\/2024\/07\/cropped-logo1507V3-1.png","contentUrl":"https:\/\/brestsolutions.fr\/wp-content\/uploads\/2024\/07\/cropped-logo1507V3-1.png","width":1502,"height":1483,"caption":"Plombier Brest Finist\u00e8re"},"image":{"@id":"https:\/\/brestsolutions.fr\/#\/schema\/logo\/image\/"},"sameAs":["https:\/\/www.youtube.com\/channel\/UChNM4A83aFv_jnoAqHsE8aA"]}]}},"_links":{"self":[{"href":"https:\/\/brestsolutions.fr\/index.php\/wp-json\/wp\/v2\/pages\/395","targetHints":{"allow":["GET"]}}],"collection":[{"href":"https:\/\/brestsolutions.fr\/index.php\/wp-json\/wp\/v2\/pages"}],"about":[{"href":"https:\/\/brestsolutions.fr\/index.php\/wp-json\/wp\/v2\/types\/page"}],"author":[{"embeddable":true,"href":"https:\/\/brestsolutions.fr\/index.php\/wp-json\/wp\/v2\/users\/1"}],"replies":[{"embeddable":true,"href":"https:\/\/brestsolutions.fr\/index.php\/wp-json\/wp\/v2\/comments?post=395"}],"version-history":[{"count":5,"href":"https:\/\/brestsolutions.fr\/index.php\/wp-json\/wp\/v2\/pages\/395\/revisions"}],"predecessor-version":[{"id":407,"href":"https:\/\/brestsolutions.fr\/index.php\/wp-json\/wp\/v2\/pages\/395\/revisions\/407"}],"wp:attachment":[{"href":"https:\/\/brestsolutions.fr\/index.php\/wp-json\/wp\/v2\/media?parent=395"}],"curies":[{"name":"wp","href":"https:\/\/api.w.org\/{rel}","templated":true}]}}