{"id":26,"date":"2024-05-08T18:32:13","date_gmt":"2024-05-08T16:32:13","guid":{"rendered":"https:\/\/brestsolutions.fr\/?page_id=26"},"modified":"2024-08-21T10:41:22","modified_gmt":"2024-08-21T08:41:22","slug":"accueil","status":"publish","type":"page","link":"https:\/\/brestsolutions.fr\/","title":{"rendered":"Home"},"content":{"rendered":"\n<h2 class=\"wp-block-heading\">Plombier de confiance<br>Service fiable et de qualit\u00e9<\/h2>\n\n\n\n<div class=\"wp-block-cover alignfull is-light wp-elements-5ef22a13cfc3c300919675bbfb2c31d3\"><span aria-hidden=\"true\" class=\"wp-block-cover__background has-ast-global-color-5-background-color has-background-dim-0 has-background-dim\"><\/span><img loading=\"lazy\" decoding=\"async\" width=\"1984\" height=\"608\" class=\"wp-block-cover__image-background wp-image-372\" alt=\"\" src=\"https:\/\/brestsolutions.fr\/wp-content\/uploads\/2024\/07\/lgberth_Illustrate_a_ultra_realistic_scene_in_a_clean_bathroom._25dab57d-74af-4524-8be5-cc25c59c142d.png\" data-object-fit=\"cover\" srcset=\"https:\/\/brestsolutions.fr\/wp-content\/uploads\/2024\/07\/lgberth_Illustrate_a_ultra_realistic_scene_in_a_clean_bathroom._25dab57d-74af-4524-8be5-cc25c59c142d.png 1984w, https:\/\/brestsolutions.fr\/wp-content\/uploads\/2024\/07\/lgberth_Illustrate_a_ultra_realistic_scene_in_a_clean_bathroom._25dab57d-74af-4524-8be5-cc25c59c142d-300x92.png 300w, https:\/\/brestsolutions.fr\/wp-content\/uploads\/2024\/07\/lgberth_Illustrate_a_ultra_realistic_scene_in_a_clean_bathroom._25dab57d-74af-4524-8be5-cc25c59c142d-1024x314.png 1024w, https:\/\/brestsolutions.fr\/wp-content\/uploads\/2024\/07\/lgberth_Illustrate_a_ultra_realistic_scene_in_a_clean_bathroom._25dab57d-74af-4524-8be5-cc25c59c142d-768x235.png 768w, https:\/\/brestsolutions.fr\/wp-content\/uploads\/2024\/07\/lgberth_Illustrate_a_ultra_realistic_scene_in_a_clean_bathroom._25dab57d-74af-4524-8be5-cc25c59c142d-1536x471.png 1536w\" sizes=\"auto, (max-width: 1984px) 100vw, 1984px\" \/><div class=\"wp-block-cover__inner-container is-layout-flow wp-block-cover-is-layout-flow\">\n<h1 class=\"wp-block-heading has-text-align-left has-black-color has-text-color\" style=\"margin-top:var(--wp--preset--spacing--80);margin-right:0;margin-bottom:var(--wp--preset--spacing--80);margin-left:var(--wp--preset--spacing--80)\"><\/h1>\n\n\n\n<p><\/p>\n\n\n\n<p><\/p>\n\n\n\n<div class=\"wp-block-buttons is-layout-flex wp-block-buttons-is-layout-flex\">\n<div class=\"wp-block-button\"><a class=\"wp-block-button__link wp-element-button\" href=\"#resa\">Devis en ligne<\/a><\/div>\n<\/div>\n<\/div><\/div>\n\n\n\n<p><\/p>\n\n\n\n<h2 class=\"wp-block-heading\" id=\"whyus\">Pourquoi nous ?<\/h2>\n\n\n\n<p>Chez BREST Solutions, nous nous engageons \u00e0 offrir des solutions de plomberie et de r\u00e9novation compl\u00e8tes pour les particuliers et les professionnels. Notre \u00e9quipe se distingue par son service rapide, son souci du d\u00e9tail et ses tarifs comp\u00e9titifs, garantissant un travail de qualit\u00e9 et la satisfaction de nos clients.<\/p>\n\n\n\n<p>Nous avons la conviction que c\u2019est en d\u00e9passant constamment les attentes de nos clients que nous gagnerons leur respect et leur confiance.<\/p>\n\n\n\n<p>Chez BREST Solutions, nous croyons en l&rsquo;importance de nouer des relations solides avec nos clients. Nous nous assurons que vous vous sentez \u00e9cout\u00e9, pris en charge et en confiance, sachant que votre projet sera r\u00e9alis\u00e9 exactement comme vous le souhaitez.<\/p>\n\n\n\n<p>Avec pr\u00e8s de 20 ans d\u2019exp\u00e9rience dans le domaine de la r\u00e9novation, nous comprenons l\u2019importance de confier votre projet \u00e0 une \u00e9quipe de confiance.&nbsp;<\/p>\n\n\n\n<p>Nous sommes accompagn\u00e9s par Alice, d\u00e9coratrice d\u2019Int\u00e9rieur : Alice apporte une touche douce et un sens aigu du d\u00e9tail \u00e0 chaque projet. Passionn\u00e9e par la d\u00e9coration, elle vous accompagne dans vos choix d\u2019achats et vous aide \u00e0 concr\u00e9tiser vos id\u00e9es.<\/p>\n\n\n\n<p>Faites confiance \u00e0 BREST Solutions pour vos besoins en plomberie et r\u00e9novation. Votre satisfaction est notre priorit\u00e9 absolue.<\/p>\n\n\n\n<h1 class=\"wp-block-heading\">Contact<\/h1>\n\n\n\n<p>Pour nous contacter : <a href=\"mailto:loic@brestsolutions.fr\">loic@brestsolutions.fr<\/a><\/p>\n","protected":false},"excerpt":{"rendered":"<p>Plombier de confianceService fiable et de qualit\u00e9 Pourquoi nous ? Chez BREST Solutions, nous nous engageons \u00e0 offrir des solutions [&hellip;]<\/p>\n","protected":false},"author":1,"featured_media":263,"parent":0,"menu_order":0,"comment_status":"closed","ping_status":"closed","template":"","meta":{"site-sidebar-layout":"default","site-content-layout":"","ast-site-content-layout":"","site-content-style":"default","site-sidebar-style":"default","ast-global-header-display":"","ast-banner-title-visibility":"","ast-main-header-display":"","ast-hfb-above-header-display":"","ast-hfb-below-header-display":"","ast-hfb-mobile-header-display":"","site-post-title":"disabled","ast-breadcrumbs-content":"","ast-featured-img":"disabled","footer-sml-layout":"","theme-transparent-header-meta":"","adv-header-id-meta":"","stick-header-meta":"","header-above-stick-meta":"","header-main-stick-meta":"","header-below-stick-meta":"","astra-migrate-meta-layouts":"default","ast-page-background-enabled":"default","ast-page-background-meta":{"desktop":{"background-color":"var(--ast-global-color-4)","background-image":"","background-repeat":"repeat","background-position":"center center","background-size":"auto","background-attachment":"scroll","background-type":"","background-media":"","overlay-type":"","overlay-color":"","overlay-opacity":"","overlay-gradient":""},"tablet":{"background-color":"","background-image":"","background-repeat":"repeat","background-position":"center center","background-size":"auto","background-attachment":"scroll","background-type":"","background-media":"","overlay-type":"","overlay-color":"","overlay-opacity":"","overlay-gradient":""},"mobile":{"background-color":"","background-image":"","background-repeat":"repeat","background-position":"center center","background-size":"auto","background-attachment":"scroll","background-type":"","background-media":"","overlay-type":"","overlay-color":"","overlay-opacity":"","overlay-gradient":""}},"ast-content-background-meta":{"desktop":{"background-color":"var(--ast-global-color-5)","background-image":"","background-repeat":"repeat","background-position":"center center","background-size":"auto","background-attachment":"scroll","background-type":"","background-media":"","overlay-type":"","overlay-color":"","overlay-opacity":"","overlay-gradient":""},"tablet":{"background-color":"var(--ast-global-color-5)","background-image":"","background-repeat":"repeat","background-position":"center center","background-size":"auto","background-attachment":"scroll","background-type":"","background-media":"","overlay-type":"","overlay-color":"","overlay-opacity":"","overlay-gradient":""},"mobile":{"background-color":"var(--ast-global-color-5)","background-image":"","background-repeat":"repeat","background-position":"center center","background-size":"auto","background-attachment":"scroll","background-type":"","background-media":"","overlay-type":"","overlay-color":"","overlay-opacity":"","overlay-gradient":""}},"footnotes":""},"class_list":["post-26","page","type-page","status-publish","has-post-thumbnail","hentry"],"yoast_head":"<!-- This site is optimized with the Yoast SEO plugin v27.3 - https:\/\/yoast.com\/product\/yoast-seo-wordpress\/ -->\n<title>Home - Votre solution professionnelle pour tous vos besoins de plomberie \/ \u00e9lectricit\u00e9<\/title>\n<meta name=\"robots\" content=\"index, follow, max-snippet:-1, max-image-preview:large, max-video-preview:-1\" \/>\n<link rel=\"canonical\" href=\"https:\/\/brestsolutions.fr\/\" \/>\n<meta property=\"og:locale\" content=\"fr_FR\" \/>\n<meta property=\"og:type\" content=\"article\" \/>\n<meta property=\"og:title\" content=\"Home - Votre solution professionnelle pour tous vos besoins de plomberie \/ \u00e9lectricit\u00e9\" \/>\n<meta property=\"og:description\" content=\"Plombier de confianceService fiable et de qualit\u00e9 Pourquoi nous ? Chez BREST Solutions, nous nous engageons \u00e0 offrir des solutions [&hellip;]\" \/>\n<meta property=\"og:url\" content=\"https:\/\/brestsolutions.fr\/\" \/>\n<meta property=\"og:site_name\" content=\"Votre solution professionnelle pour tous vos besoins de plomberie \/ \u00e9lectricit\u00e9\" \/>\n<meta property=\"article:modified_time\" content=\"2024-08-21T08:41:22+00:00\" \/>\n<meta property=\"og:image\" content=\"https:\/\/brestsolutions.fr\/wp-content\/uploads\/2024\/05\/GOPR6012_ALTA229791926857933583-scaled.jpg\" \/>\n\t<meta property=\"og:image:width\" content=\"2560\" \/>\n\t<meta property=\"og:image:height\" content=\"1920\" \/>\n\t<meta property=\"og:image:type\" content=\"image\/jpeg\" \/>\n<meta name=\"twitter:card\" content=\"summary_large_image\" \/>\n<meta name=\"twitter:label1\" content=\"Dur\u00e9e de lecture estim\u00e9e\" \/>\n\t<meta name=\"twitter:data1\" content=\"2 minutes\" \/>\n<script type=\"application\/ld+json\" class=\"yoast-schema-graph\">{\"@context\":\"https:\\\/\\\/schema.org\",\"@graph\":[{\"@type\":\"WebPage\",\"@id\":\"https:\\\/\\\/brestsolutions.fr\\\/\",\"url\":\"https:\\\/\\\/brestsolutions.fr\\\/\",\"name\":\"Home - Votre solution professionnelle pour tous vos besoins de plomberie \\\/ \u00e9lectricit\u00e9\",\"isPartOf\":{\"@id\":\"https:\\\/\\\/brestsolutions.fr\\\/#website\"},\"primaryImageOfPage\":{\"@id\":\"https:\\\/\\\/brestsolutions.fr\\\/#primaryimage\"},\"image\":{\"@id\":\"https:\\\/\\\/brestsolutions.fr\\\/#primaryimage\"},\"thumbnailUrl\":\"https:\\\/\\\/brestsolutions.fr\\\/wp-content\\\/uploads\\\/2024\\\/05\\\/GOPR6012_ALTA229791926857933583-scaled.jpg\",\"datePublished\":\"2024-05-08T16:32:13+00:00\",\"dateModified\":\"2024-08-21T08:41:22+00:00\",\"breadcrumb\":{\"@id\":\"https:\\\/\\\/brestsolutions.fr\\\/#breadcrumb\"},\"inLanguage\":\"fr-FR\",\"potentialAction\":[{\"@type\":\"ReadAction\",\"target\":[\"https:\\\/\\\/brestsolutions.fr\\\/\"]}]},{\"@type\":\"ImageObject\",\"inLanguage\":\"fr-FR\",\"@id\":\"https:\\\/\\\/brestsolutions.fr\\\/#primaryimage\",\"url\":\"https:\\\/\\\/brestsolutions.fr\\\/wp-content\\\/uploads\\\/2024\\\/05\\\/GOPR6012_ALTA229791926857933583-scaled.jpg\",\"contentUrl\":\"https:\\\/\\\/brestsolutions.fr\\\/wp-content\\\/uploads\\\/2024\\\/05\\\/GOPR6012_ALTA229791926857933583-scaled.jpg\",\"width\":2560,\"height\":1920,\"caption\":\"t\\\/sdcard\\\/DCIM\\\/100GOPRO\\\/GOPR6012\"},{\"@type\":\"BreadcrumbList\",\"@id\":\"https:\\\/\\\/brestsolutions.fr\\\/#breadcrumb\",\"itemListElement\":[{\"@type\":\"ListItem\",\"position\":1,\"name\":\"Accueil\",\"item\":\"https:\\\/\\\/brestsolutions.fr\\\/\"},{\"@type\":\"ListItem\",\"position\":2,\"name\":\"Home\"}]},{\"@type\":\"WebSite\",\"@id\":\"https:\\\/\\\/brestsolutions.fr\\\/#website\",\"url\":\"https:\\\/\\\/brestsolutions.fr\\\/\",\"name\":\"Plombier Brest Finist\u00e8re\",\"description\":\"Plombier pas cher nord finistere\",\"publisher\":{\"@id\":\"https:\\\/\\\/brestsolutions.fr\\\/#organization\"},\"alternateName\":\"Plombier\",\"potentialAction\":[{\"@type\":\"SearchAction\",\"target\":{\"@type\":\"EntryPoint\",\"urlTemplate\":\"https:\\\/\\\/brestsolutions.fr\\\/?s={search_term_string}\"},\"query-input\":{\"@type\":\"PropertyValueSpecification\",\"valueRequired\":true,\"valueName\":\"search_term_string\"}}],\"inLanguage\":\"fr-FR\"},{\"@type\":\"Organization\",\"@id\":\"https:\\\/\\\/brestsolutions.fr\\\/#organization\",\"name\":\"Plombier Brest Finist\u00e8re\",\"url\":\"https:\\\/\\\/brestsolutions.fr\\\/\",\"logo\":{\"@type\":\"ImageObject\",\"inLanguage\":\"fr-FR\",\"@id\":\"https:\\\/\\\/brestsolutions.fr\\\/#\\\/schema\\\/logo\\\/image\\\/\",\"url\":\"https:\\\/\\\/brestsolutions.fr\\\/wp-content\\\/uploads\\\/2024\\\/07\\\/cropped-logo1507V3-1.png\",\"contentUrl\":\"https:\\\/\\\/brestsolutions.fr\\\/wp-content\\\/uploads\\\/2024\\\/07\\\/cropped-logo1507V3-1.png\",\"width\":1502,\"height\":1483,\"caption\":\"Plombier Brest Finist\u00e8re\"},\"image\":{\"@id\":\"https:\\\/\\\/brestsolutions.fr\\\/#\\\/schema\\\/logo\\\/image\\\/\"},\"sameAs\":[\"https:\\\/\\\/www.youtube.com\\\/channel\\\/UChNM4A83aFv_jnoAqHsE8aA\"]}]}<\/script>\n<!-- \/ Yoast SEO plugin. -->","yoast_head_json":{"title":"Home - Votre solution professionnelle pour tous vos besoins de plomberie \/ \u00e9lectricit\u00e9","robots":{"index":"index","follow":"follow","max-snippet":"max-snippet:-1","max-image-preview":"max-image-preview:large","max-video-preview":"max-video-preview:-1"},"canonical":"https:\/\/brestsolutions.fr\/","og_locale":"fr_FR","og_type":"article","og_title":"Home - Votre solution professionnelle pour tous vos besoins de plomberie \/ \u00e9lectricit\u00e9","og_description":"Plombier de confianceService fiable et de qualit\u00e9 Pourquoi nous ? Chez BREST Solutions, nous nous engageons \u00e0 offrir des solutions [&hellip;]","og_url":"https:\/\/brestsolutions.fr\/","og_site_name":"Votre solution professionnelle pour tous vos besoins de plomberie \/ \u00e9lectricit\u00e9","article_modified_time":"2024-08-21T08:41:22+00:00","og_image":[{"width":2560,"height":1920,"url":"https:\/\/brestsolutions.fr\/wp-content\/uploads\/2024\/05\/GOPR6012_ALTA229791926857933583-scaled.jpg","type":"image\/jpeg"}],"twitter_card":"summary_large_image","twitter_misc":{"Dur\u00e9e de lecture estim\u00e9e":"2 minutes"},"schema":{"@context":"https:\/\/schema.org","@graph":[{"@type":"WebPage","@id":"https:\/\/brestsolutions.fr\/","url":"https:\/\/brestsolutions.fr\/","name":"Home - Votre solution professionnelle pour tous vos besoins de plomberie \/ \u00e9lectricit\u00e9","isPartOf":{"@id":"https:\/\/brestsolutions.fr\/#website"},"primaryImageOfPage":{"@id":"https:\/\/brestsolutions.fr\/#primaryimage"},"image":{"@id":"https:\/\/brestsolutions.fr\/#primaryimage"},"thumbnailUrl":"https:\/\/brestsolutions.fr\/wp-content\/uploads\/2024\/05\/GOPR6012_ALTA229791926857933583-scaled.jpg","datePublished":"2024-05-08T16:32:13+00:00","dateModified":"2024-08-21T08:41:22+00:00","breadcrumb":{"@id":"https:\/\/brestsolutions.fr\/#breadcrumb"},"inLanguage":"fr-FR","potentialAction":[{"@type":"ReadAction","target":["https:\/\/brestsolutions.fr\/"]}]},{"@type":"ImageObject","inLanguage":"fr-FR","@id":"https:\/\/brestsolutions.fr\/#primaryimage","url":"https:\/\/brestsolutions.fr\/wp-content\/uploads\/2024\/05\/GOPR6012_ALTA229791926857933583-scaled.jpg","contentUrl":"https:\/\/brestsolutions.fr\/wp-content\/uploads\/2024\/05\/GOPR6012_ALTA229791926857933583-scaled.jpg","width":2560,"height":1920,"caption":"t\/sdcard\/DCIM\/100GOPRO\/GOPR6012"},{"@type":"BreadcrumbList","@id":"https:\/\/brestsolutions.fr\/#breadcrumb","itemListElement":[{"@type":"ListItem","position":1,"name":"Accueil","item":"https:\/\/brestsolutions.fr\/"},{"@type":"ListItem","position":2,"name":"Home"}]},{"@type":"WebSite","@id":"https:\/\/brestsolutions.fr\/#website","url":"https:\/\/brestsolutions.fr\/","name":"Plombier Brest Finist\u00e8re","description":"Plombier pas cher nord finistere","publisher":{"@id":"https:\/\/brestsolutions.fr\/#organization"},"alternateName":"Plombier","potentialAction":[{"@type":"SearchAction","target":{"@type":"EntryPoint","urlTemplate":"https:\/\/brestsolutions.fr\/?s={search_term_string}"},"query-input":{"@type":"PropertyValueSpecification","valueRequired":true,"valueName":"search_term_string"}}],"inLanguage":"fr-FR"},{"@type":"Organization","@id":"https:\/\/brestsolutions.fr\/#organization","name":"Plombier Brest Finist\u00e8re","url":"https:\/\/brestsolutions.fr\/","logo":{"@type":"ImageObject","inLanguage":"fr-FR","@id":"https:\/\/brestsolutions.fr\/#\/schema\/logo\/image\/","url":"https:\/\/brestsolutions.fr\/wp-content\/uploads\/2024\/07\/cropped-logo1507V3-1.png","contentUrl":"https:\/\/brestsolutions.fr\/wp-content\/uploads\/2024\/07\/cropped-logo1507V3-1.png","width":1502,"height":1483,"caption":"Plombier Brest Finist\u00e8re"},"image":{"@id":"https:\/\/brestsolutions.fr\/#\/schema\/logo\/image\/"},"sameAs":["https:\/\/www.youtube.com\/channel\/UChNM4A83aFv_jnoAqHsE8aA"]}]}},"_links":{"self":[{"href":"https:\/\/brestsolutions.fr\/index.php\/wp-json\/wp\/v2\/pages\/26","targetHints":{"allow":["GET"]}}],"collection":[{"href":"https:\/\/brestsolutions.fr\/index.php\/wp-json\/wp\/v2\/pages"}],"about":[{"href":"https:\/\/brestsolutions.fr\/index.php\/wp-json\/wp\/v2\/types\/page"}],"author":[{"embeddable":true,"href":"https:\/\/brestsolutions.fr\/index.php\/wp-json\/wp\/v2\/users\/1"}],"replies":[{"embeddable":true,"href":"https:\/\/brestsolutions.fr\/index.php\/wp-json\/wp\/v2\/comments?post=26"}],"version-history":[{"count":63,"href":"https:\/\/brestsolutions.fr\/index.php\/wp-json\/wp\/v2\/pages\/26\/revisions"}],"predecessor-version":[{"id":406,"href":"https:\/\/brestsolutions.fr\/index.php\/wp-json\/wp\/v2\/pages\/26\/revisions\/406"}],"wp:featuredmedia":[{"embeddable":true,"href":"https:\/\/brestsolutions.fr\/index.php\/wp-json\/wp\/v2\/media\/263"}],"wp:attachment":[{"href":"https:\/\/brestsolutions.fr\/index.php\/wp-json\/wp\/v2\/media?parent=26"}],"curies":[{"name":"wp","href":"https:\/\/api.w.org\/{rel}","templated":true}]}}